{"id":2518,"date":"2024-04-12T12:56:37","date_gmt":"2024-04-12T10:56:37","guid":{"rendered":"https:\/\/inpeak.pl\/?post_type=product&#038;p=2518"},"modified":"2026-04-04T00:25:11","modified_gmt":"2026-04-03T22:25:11","slug":"pomiar-mocy-powercrank-single-shimano-105-fc-r7100","status":"publish","type":"product","link":"https:\/\/inpeak.pl\/pl\/sklep\/pomiar-mocy-powercrank-single-shimano-105-fc-r7100\/","title":{"rendered":"Pomiar mocy POWERCRANK | SINGLE | Shimano 105 FC-R7100"},"content":{"rendered":"<h4>CZYM JEST POWERCRANK?<\/h4>\n<p>To nasza najpopularniejsza wersja pomiaru mocy stworzona z pasji do kolarstwa. To nie tylko urz\u0105dzenie mierz\u0105ce moc, to Tw\u00f3j partner treningowy dzi\u0119ki kt\u00f3remu wejdziesz na nowy poziom sportowy. Pomiar mocy INPEAK POWERCRANK u\u017cywa protoko\u0142y transmisji ANT+ oraz BLE do wysy\u0142ania mocy, kadencji oraz wielu szczeg\u00f3\u0142owych danych dotycz\u0105cych efektywno\u015bci jazdy na rowerze. Wodoszczelna i trwa\u0142a na uderzenia obudowa zosta\u0142a zaprojektowana tak, aby sprosta\u0107 wymaganiom MTB, Gravel i Szosy. POWERCRANK zapewnia bardzo d\u0142ugi czas pracy na popularnej baterii CR2023. Precyzyjne i dok\u0142adne odczyty generowanej mocy bez wzgl\u0119du na warunki atmosferyczne zapewnia mechanizm automatycznej kompensacji temperatury ATC w zakresie od -5\u00b0C do +50\u00b0C.<\/p>\n<p>&nbsp;<\/p>\n<h4>CZYM SI\u0118 WYR\u00d3\u017bNIAMY?<\/h4>\n<ul>\n<li style=\"list-style-type: none;\">\n<ul>\n<li><strong>Tworzony w Polsce<\/strong> \u2013 podpisujemy si\u0119 sami pod tym produktem<\/li>\n<li><strong>Niska cena<\/strong> \u2013 jedno z najta\u0144szych rozwi\u0105za\u0144 na rynku<\/li>\n<li><strong>Dok\u0142adno\u015b\u0107<\/strong> \u2013 nasz dzia\u0142 R&amp;D nie idzie na kompromisy, liczy si\u0119 bezb\u0142\u0119dno\u015b\u0107,<\/li>\n<li><strong>Indywidualna kalibracja<\/strong> \u2013 ka\u017cdy z montowanych przez nas pomiar\u00f3w mocy jest indywidualnie kalibrowany<\/li>\n<li><strong>Aktywna kompensacja temperaturowa<\/strong> \u2013 zmiany temperatur nie wp\u0142ywaj\u0105 na dok\u0142adno\u015b\u0107, pomiar adaptuje si\u0119 automatycznie<\/li>\n<li><strong>Trwa\u0142o\u015b\u0107<\/strong> \u2013 potwierdzona przez setki zawodowych kolarzy<\/li>\n<\/ul>\n<\/li>\n<\/ul>\n<p>&nbsp;<\/p>\n","protected":false},"excerpt":{"rendered":"<div id=\"tab-description\" class=\"woocommerce-Tabs-panel woocommerce-Tabs-panel--description panel entry-content active\" role=\"tabpanel\" aria-labelledby=\"tab-title-description\">\n<div id=\"tab-description\" class=\"woocommerce-Tabs-panel woocommerce-Tabs-panel--description panel entry-content active\" role=\"tabpanel\" aria-labelledby=\"tab-title-description\">\n<p>Jednostronny pomiar mocy <strong>POWERCRANK SINGLE<\/strong> zintegrowany z korb\u0105 <strong>Shimano 105 FC-R7100.<\/strong><\/p>\n<p>Zaprojektowany bez kompromis\u00f3w, aby sprosta\u0107 najwi\u0119kszym wymaganiom stawianym przez kolarzy.<\/p>\n<\/div>\n<\/div>\n","protected":false},"featured_media":2913,"comment_status":"open","ping_status":"closed","template":"","meta":{"_acf_changed":false,"footnotes":""},"cpt_product_category_1":[191],"cpt_product_category_2":[193],"cpt_product_category_3":[195],"product_brand":[],"product_cat":[32],"product_tag":[],"class_list":{"0":"post-2518","1":"product","2":"type-product","3":"status-publish","4":"has-post-thumbnail","6":"product_cat-gotowy-ready","7":"product_shipping_class-ready","9":"first","10":"instock","11":"taxable","12":"shipping-taxable","13":"purchasable","14":"product-type-variable"},"acf":[],"_links":{"self":[{"href":"https:\/\/inpeak.pl\/pl\/wp-json\/wp\/v2\/product\/2518","targetHints":{"allow":["GET"]}}],"collection":[{"href":"https:\/\/inpeak.pl\/pl\/wp-json\/wp\/v2\/product"}],"about":[{"href":"https:\/\/inpeak.pl\/pl\/wp-json\/wp\/v2\/types\/product"}],"replies":[{"embeddable":true,"href":"https:\/\/inpeak.pl\/pl\/wp-json\/wp\/v2\/comments?post=2518"}],"version-history":[{"count":8,"href":"https:\/\/inpeak.pl\/pl\/wp-json\/wp\/v2\/product\/2518\/revisions"}],"predecessor-version":[{"id":20401,"href":"https:\/\/inpeak.pl\/pl\/wp-json\/wp\/v2\/product\/2518\/revisions\/20401"}],"wp:featuredmedia":[{"embeddable":true,"href":"https:\/\/inpeak.pl\/pl\/wp-json\/wp\/v2\/media\/2913"}],"wp:attachment":[{"href":"https:\/\/inpeak.pl\/pl\/wp-json\/wp\/v2\/media?parent=2518"}],"wp:term":[{"taxonomy":"cpt_product_category_1","embeddable":true,"href":"https:\/\/inpeak.pl\/pl\/wp-json\/wp\/v2\/cpt_product_category_1?post=2518"},{"taxonomy":"cpt_product_category_2","embeddable":true,"href":"https:\/\/inpeak.pl\/pl\/wp-json\/wp\/v2\/cpt_product_category_2?post=2518"},{"taxonomy":"cpt_product_category_3","embeddable":true,"href":"https:\/\/inpeak.pl\/pl\/wp-json\/wp\/v2\/cpt_product_category_3?post=2518"},{"taxonomy":"product_brand","embeddable":true,"href":"https:\/\/inpeak.pl\/pl\/wp-json\/wp\/v2\/product_brand?post=2518"},{"taxonomy":"product_cat","embeddable":true,"href":"https:\/\/inpeak.pl\/pl\/wp-json\/wp\/v2\/product_cat?post=2518"},{"taxonomy":"product_tag","embeddable":true,"href":"https:\/\/inpeak.pl\/pl\/wp-json\/wp\/v2\/product_tag?post=2518"}],"curies":[{"name":"wp","href":"https:\/\/api.w.org\/{rel}","templated":true}]}}