{"id":2131,"date":"2024-04-12T12:51:11","date_gmt":"2024-04-12T10:51:11","guid":{"rendered":"https:\/\/inpeak.pl\/?post_type=product&#038;p=2131"},"modified":"2026-04-13T15:47:20","modified_gmt":"2026-04-13T13:47:20","slug":"pomiar-mocy-powercrank-e-twin2-shimano-105-fc-r7100","status":"publish","type":"product","link":"https:\/\/inpeak.pl\/pl\/sklep\/pomiar-mocy-powercrank-e-twin2-shimano-105-fc-r7100\/","title":{"rendered":"Pomiar mocy POWERCRANK-E | TWiN2 | Shimano 105 FC-R7100"},"content":{"rendered":"<h4>CZYM JEST POWERCRANK-E?<\/h4>\n<p>To nasza nowa ods\u0142ona pomiaru mocy stworzona z my\u015bl\u0105 o nowoczesno\u015bci. Niezawodny uk\u0142ad pomiarowy POWERCRANK-E wyposa\u017cyli\u015bmy w \u0142adowalny akumulator, kt\u00f3ry na\u0142adujesz za pomoc\u0105 do\u0142\u0105czonego kabla magnetycznego USB. To nie tylko urz\u0105dzenie mierz\u0105ce moc, to Tw\u00f3j partner treningowy dzi\u0119ki kt\u00f3remu wejdziesz na nowy poziomom sportowy. Pomiar mocy INPEAK POWERCRANK-E u\u017cywa protoko\u0142y transmisji ANT+ oraz BLE do wysy\u0142ania mocy, kadencji oraz wielu szczeg\u00f3\u0142owych danych dotycz\u0105cych efektywno\u015bci jazdy na rowerze. Nisko profilowa, wodoszczelna i trwa\u0142a obudowa zosta\u0142a zaprojektowana szczeg\u00f3lnie do rower\u00f3w szosowych i gravel. Precyzyjne i dok\u0142adne odczyty generowanej mocy bez wzgl\u0119du na warunki atmosferyczne zapewnia mechanizm automatycznej kompensacji temperatury ATC w zakresie od -5\u00b0C do +50\u00b0C.<\/p>\n<h4><\/h4>\n<p>&nbsp;<\/p>\n<h4>CZYM SI\u0118 WYR\u00d3\u017bNIAMY?<\/h4>\n<ul>\n<li style=\"list-style-type: none;\">\n<ul>\n<li><strong>Tworzony w Polsce<\/strong> \u2013 podpisujemy si\u0119 sami pod tym produktem<\/li>\n<li><strong>Niska cena<\/strong> \u2013 jedno z najta\u0144szych rozwi\u0105za\u0144 na rynku<\/li>\n<li><strong>Dok\u0142adno\u015b\u0107<\/strong> \u2013 nasz dzia\u0142 R&amp;D nie idzie na kompromisy, liczy si\u0119 bezb\u0142\u0119dno\u015b\u0107,<\/li>\n<li><strong>Indywidualna kalibracja<\/strong> \u2013 ka\u017cdy z montowanych przez nas pomiar\u00f3w mocy jest indywidualnie kalibrowany<\/li>\n<li><strong>Aktywna kompensacja temperaturowa<\/strong> \u2013 zmiany temperatur nie wp\u0142ywaj\u0105 na dok\u0142adno\u015b\u0107, pomiar adaptuje si\u0119 automatycznie<\/li>\n<li><strong>Trwa\u0142o\u015b\u0107<\/strong> \u2013 potwierdzona przez setki zawodowych kolarzy<\/li>\n<\/ul>\n<\/li>\n<\/ul>\n<p>&nbsp;<\/p>\n","protected":false},"excerpt":{"rendered":"<p>Mechanizm korbowy <strong>Shimano 105 FC-R7100<\/strong> zintegrowany z obustronnym pomiarem mocy <strong>POWERCRANK TWiN2<\/strong>.<\/p>\n","protected":false},"featured_media":2869,"comment_status":"open","ping_status":"closed","template":"","meta":{"_acf_changed":false,"footnotes":""},"cpt_product_category_1":[190],"cpt_product_category_2":[194],"cpt_product_category_3":[195],"product_brand":[],"product_cat":[32],"product_tag":[],"class_list":{"0":"post-2131","1":"product","2":"type-product","3":"status-publish","4":"has-post-thumbnail","6":"product_cat-gotowy-ready","7":"product_shipping_class-ready","9":"first","10":"instock","11":"taxable","12":"shipping-taxable","13":"purchasable","14":"product-type-variable"},"composite_virtual":false,"composite_layout":"","composite_add_to_cart_form_location":"","composite_editable_in_cart":false,"composite_sold_individually_context":"","composite_shop_price_calc":"","composite_components":[],"composite_scenarios":[],"acf":[],"_links":{"self":[{"href":"https:\/\/inpeak.pl\/pl\/wp-json\/wp\/v2\/product\/2131","targetHints":{"allow":["GET"]}}],"collection":[{"href":"https:\/\/inpeak.pl\/pl\/wp-json\/wp\/v2\/product"}],"about":[{"href":"https:\/\/inpeak.pl\/pl\/wp-json\/wp\/v2\/types\/product"}],"replies":[{"embeddable":true,"href":"https:\/\/inpeak.pl\/pl\/wp-json\/wp\/v2\/comments?post=2131"}],"version-history":[{"count":2,"href":"https:\/\/inpeak.pl\/pl\/wp-json\/wp\/v2\/product\/2131\/revisions"}],"predecessor-version":[{"id":14097,"href":"https:\/\/inpeak.pl\/pl\/wp-json\/wp\/v2\/product\/2131\/revisions\/14097"}],"wp:featuredmedia":[{"embeddable":true,"href":"https:\/\/inpeak.pl\/pl\/wp-json\/wp\/v2\/media\/2869"}],"wp:attachment":[{"href":"https:\/\/inpeak.pl\/pl\/wp-json\/wp\/v2\/media?parent=2131"}],"wp:term":[{"taxonomy":"cpt_product_category_1","embeddable":true,"href":"https:\/\/inpeak.pl\/pl\/wp-json\/wp\/v2\/cpt_product_category_1?post=2131"},{"taxonomy":"cpt_product_category_2","embeddable":true,"href":"https:\/\/inpeak.pl\/pl\/wp-json\/wp\/v2\/cpt_product_category_2?post=2131"},{"taxonomy":"cpt_product_category_3","embeddable":true,"href":"https:\/\/inpeak.pl\/pl\/wp-json\/wp\/v2\/cpt_product_category_3?post=2131"},{"taxonomy":"product_brand","embeddable":true,"href":"https:\/\/inpeak.pl\/pl\/wp-json\/wp\/v2\/product_brand?post=2131"},{"taxonomy":"product_cat","embeddable":true,"href":"https:\/\/inpeak.pl\/pl\/wp-json\/wp\/v2\/product_cat?post=2131"},{"taxonomy":"product_tag","embeddable":true,"href":"https:\/\/inpeak.pl\/pl\/wp-json\/wp\/v2\/product_tag?post=2131"}],"curies":[{"name":"wp","href":"https:\/\/api.w.org\/{rel}","templated":true}]}}