{"id":1849,"date":"2024-04-12T12:48:28","date_gmt":"2024-04-12T10:48:28","guid":{"rendered":"https:\/\/inpeak.pl\/?post_type=product&#038;p=1849"},"modified":"2026-04-13T15:27:13","modified_gmt":"2026-04-13T13:27:13","slug":"pomiar-mocy-powercrank-twin2-mtb-custom","status":"publish","type":"product","link":"https:\/\/inpeak.pl\/pl\/sklep\/pomiar-mocy-powercrank-twin2-mtb-custom\/","title":{"rendered":"Pomiar mocy POWERCRANK | TWiN2 | MTB | CUSTOM"},"content":{"rendered":"<h4>CZYM JEST POWERCRANK?<\/h4>\n<p>To nasza najpopularniejsza wersja pomiaru mocy stworzona z pasji do kolarstwa. To nie tylko urz\u0105dzenie mierz\u0105ce moc, to Tw\u00f3j partner treningowy dzi\u0119ki kt\u00f3remu wejdziesz na nowy poziom sportowy. Pomiar mocy INPEAK POWERCRANK u\u017cywa protoko\u0142y transmisji ANT+ oraz BLE do wysy\u0142ania mocy, kadencji oraz wielu szczeg\u00f3\u0142owych danych dotycz\u0105cych efektywno\u015bci jazdy na rowerze. Wodoszczelna i trwa\u0142a na uderzenia obudowa zosta\u0142a zaprojektowana tak, aby sprosta\u0107 wymaganiom MTB, Gravel i Szosy. POWERCRANK zapewnia bardzo d\u0142ugi czas pracy na popularnej baterii CR2023. Precyzyjne i dok\u0142adne odczyty generowanej mocy bez wzgl\u0119du na warunki atmosferyczne zapewnia mechanizm automatycznej kompensacji temperatury ATC w zakresie od -5\u00b0C do +50\u00b0C.<\/p>\n<p>&nbsp;<\/p>\n<h4>JAK PRZEBIEGA MONTA\u017b POMIARU MOCY?<\/h4>\n<p>Instalacja pomiaru mocy POWERCRANK to efektywne wykorzystanie Twojej korby, aby zminimalizowa\u0107 koszty. Nasz elastyczny proces monta\u017cu pomiaru mocy wspiera wiele modeli korb rowerowych.<\/p>\n<ol>\n<li>Z\u0142\u00f3\u017c zam\u00f3wienie na us\u0142ug\u0119 monta\u017cu pomiaru mocy na Twojej korbie.<\/li>\n<li>Otrzymasz instrukcj\u0119 wysy\u0142ki korby do monta\u017cu. Koszty pokrywa INPEAK.<\/li>\n<li>INPEAK zajmie si\u0119 monta\u017cem pomiaru mocy na Twojej korbie. Zajmie to 2-3dni robocze.<\/li>\n<li>Otrzymujesz korb\u0119, kt\u00f3r\u0105 instalujesz w swoim rowerze i mo\u017cesz zacz\u0105\u0107 trenowa\u0107 z moc\u0105!<\/li>\n<\/ol>\n<p>&nbsp;<\/p>\n<div class=\"woocommerce-product-details__short-description\">\n<p><strong>Uwaga!<\/strong> Korba musi by\u0107 w systemie 1\u00d711 lub 1\u00d712. Korby karbonowe tymczasowo wy\u0142\u0105czone z procesu monta\u017cu CUSTOM.<\/p>\n<\/div>\n","protected":false},"excerpt":{"rendered":"<p><strong>Nie masz jeszcze pomiaru <\/strong><strong>MOCY<\/strong><strong>? Zamontujemy go dla Ciebie!<\/strong><\/p>\n<p>Wy\u015blij do nas Twoj\u0105 korb\u0119, a my zrobimy z niej urz\u0105dzenie, kt\u00f3re zrewolucjonizuje Twoje treningi!<\/p>\n","protected":false},"featured_media":2861,"comment_status":"open","ping_status":"closed","template":"","meta":{"_acf_changed":false,"footnotes":""},"cpt_product_category_1":[190],"cpt_product_category_2":[193],"cpt_product_category_3":[196],"product_brand":[],"product_cat":[50],"product_tag":[],"class_list":{"0":"post-1849","1":"product","2":"type-product","3":"status-publish","4":"has-post-thumbnail","6":"product_cat-montaz-custom","7":"product_shipping_class-custom","9":"first","10":"instock","11":"taxable","12":"shipping-taxable","13":"purchasable","14":"product-type-variable","15":"has-default-attributes"},"acf":[],"_links":{"self":[{"href":"https:\/\/inpeak.pl\/pl\/wp-json\/wp\/v2\/product\/1849","targetHints":{"allow":["GET"]}}],"collection":[{"href":"https:\/\/inpeak.pl\/pl\/wp-json\/wp\/v2\/product"}],"about":[{"href":"https:\/\/inpeak.pl\/pl\/wp-json\/wp\/v2\/types\/product"}],"replies":[{"embeddable":true,"href":"https:\/\/inpeak.pl\/pl\/wp-json\/wp\/v2\/comments?post=1849"}],"version-history":[{"count":10,"href":"https:\/\/inpeak.pl\/pl\/wp-json\/wp\/v2\/product\/1849\/revisions"}],"predecessor-version":[{"id":20571,"href":"https:\/\/inpeak.pl\/pl\/wp-json\/wp\/v2\/product\/1849\/revisions\/20571"}],"wp:featuredmedia":[{"embeddable":true,"href":"https:\/\/inpeak.pl\/pl\/wp-json\/wp\/v2\/media\/2861"}],"wp:attachment":[{"href":"https:\/\/inpeak.pl\/pl\/wp-json\/wp\/v2\/media?parent=1849"}],"wp:term":[{"taxonomy":"cpt_product_category_1","embeddable":true,"href":"https:\/\/inpeak.pl\/pl\/wp-json\/wp\/v2\/cpt_product_category_1?post=1849"},{"taxonomy":"cpt_product_category_2","embeddable":true,"href":"https:\/\/inpeak.pl\/pl\/wp-json\/wp\/v2\/cpt_product_category_2?post=1849"},{"taxonomy":"cpt_product_category_3","embeddable":true,"href":"https:\/\/inpeak.pl\/pl\/wp-json\/wp\/v2\/cpt_product_category_3?post=1849"},{"taxonomy":"product_brand","embeddable":true,"href":"https:\/\/inpeak.pl\/pl\/wp-json\/wp\/v2\/product_brand?post=1849"},{"taxonomy":"product_cat","embeddable":true,"href":"https:\/\/inpeak.pl\/pl\/wp-json\/wp\/v2\/product_cat?post=1849"},{"taxonomy":"product_tag","embeddable":true,"href":"https:\/\/inpeak.pl\/pl\/wp-json\/wp\/v2\/product_tag?post=1849"}],"curies":[{"name":"wp","href":"https:\/\/api.w.org\/{rel}","templated":true}]}}