{"id":38,"date":"2024-03-18T14:29:03","date_gmt":"2024-03-18T13:29:03","guid":{"rendered":"https:\/\/inpeak.pl\/?page_id=38"},"modified":"2025-12-02T15:52:06","modified_gmt":"2025-12-02T14:52:06","slug":"start","status":"publish","type":"page","link":"https:\/\/inpeak.pl\/pl\/","title":{"rendered":"Start"},"content":{"rendered":"\n  <section  class=\"home-header alignfull text-align-left\">\n    <div class=\"desc\">\n      <div class=\"container-flex\">\n        <div class=\"text\">\n          <h1>POMIARY MOCY TWORZONE Z PASJ\u0104<\/h1>\n<h2 style=\"margin-bottom: 22px; font-size: 26px; color: white;\">Trenuj, analizuj i wygrywaj z INPEAK.<\/h2>\n                    <div class=\"button-wrap\">\n            <a href=\"https:\/\/inpeak.pl\/sklep\/\" class=\"full\"><span>Sprawd\u017a nasz\u0105 ofert\u0119<\/span><\/a>\n          <\/div><!-- \/.button-wrap -->\n          \n        <\/div><!-- \/.text -->\n        <span class=\"scroll-info\">\n          lub przewi\u0144 stron\u0119 i poznaj nas lepiej        <\/span><!-- \/.scroll-info -->\n      <\/div><!-- \/.container-flex -->\n\n    <\/div><!-- \/.desc -->\n\t  <div class=\"photo\">\n  <!--\n  <video autoplay loop muted playsinline style=\"width: 100%; height: 100%; object-fit: cover;\">\n    <source src=\"https:\/\/inpeak.pl\/wp-content\/uploads\/2024\/12\/inpeak_header_h264.mp4\" type=\"video\/mp4\">\n    Your browser does not support the video tag.\n  <\/video>\n  -->\n\n  <picture>\n    <source srcset=\"https:\/\/inpeak.pl\/wp-content\/uploads\/2025\/12\/inpeak_main_desktop.webp\" media=\"(min-width: 1025px)\">\n    <img decoding=\"async\" src=\"https:\/\/inpeak.pl\/wp-content\/uploads\/2025\/12\/inpeak_main_mobile.webp\" alt=\"\">\n  <\/picture>\n<\/div><!-- \/.photo -->\n\n  <\/section><!-- \/.full-section -->\n\n\n\n\n\r\n  <section  class=\"home-products-wrap alignfull text-align-left\">\r\n\r\n  <div class=\"container\">\r\n    <div class=\"subtitle white\">\r\n      <h2>Nasze produkty<\/h2>\r\n      <hr>\r\n    <\/div><!-- \/.subtitle white -->\r\n\r\n    <div class=\"home-products\">\r\n      <div class=\"product-box\">\r\n        <div class=\"photo\">\r\n          <picture>\r\n            <source srcset=\"https:\/\/inpeak.pl\/wp-content\/uploads\/2024\/04\/tiny_powercrank.webp\"\r\n              media=\"(min-width: 650px)\">\r\n            <img srcset=\"https:\/\/inpeak.pl\/wp-content\/uploads\/2024\/04\/tiny_powercrank-rotate.webp\" alt=\"\">\r\n          <\/picture>\r\n        <\/div><!-- \/.photo -->\r\n        <div class=\"desc\">\r\n          <h2><small>Inpeak<\/small> <br \/>\nPowercrank<\/h2>\n<p>Klasyczne rozwi\u0105zanie sprawdzaj\u0105ce si\u0119 w ka\u017cdych warunkach.<\/p>\n<p><strong>Skr\u00f3cone dane techniczne:<\/strong><\/p>\n<ul>\n<li>Waga: 10g<\/li>\n<li>Dok\u0142adno\u015b\u0107 pomiaru: \u00b12%<\/li>\n<li>Komunikacja: ANT+, Bluetooth Low Energy<\/li>\n<li>Zasilanie: CR2032<\/li>\n<li>Szczelno\u015b\u0107 obudowy: IP67<\/li>\n<li>Mo\u017cliwo\u015b\u0107 monta\u017cu: Single &amp; Twin2<\/li>\n<\/ul>\n<p><strong>Mo\u017cliwo\u015b\u0107 zam\u00f3wienia gotowego pomiaru mocy lub monta\u017cu na Twojej korbie!<\/strong><\/p>\n                  <\/div><!-- \/.desc -->\r\n      <\/div><!-- \/.product-box -->\r\n      <div class=\"product-box\">\r\n        <div class=\"photo\">\r\n          <picture>\r\n            <source srcset=\"https:\/\/inpeak.pl\/wp-content\/uploads\/2024\/04\/tiny_powercrank-e.webp\"\r\n              media=\"(min-width: 650px)\">\r\n            <img srcset=\"https:\/\/inpeak.pl\/wp-content\/uploads\/2024\/04\/tiny_powercrank-e-rotate.webp\" alt=\"\">\r\n          <\/picture>\r\n        <\/div><!-- \/.photo -->\r\n        <div class=\"desc\">\r\n          <h2><small>Inpeak<\/small> <br \/>\nPowercrank-E<\/h2>\n<p>Podstaw\u0105 rozwoju jest ci\u0105g\u0142e udoskonalanie, stworzyli\u015bmy dla Ciebie idealne narz\u0119dzie, reszta nale\u017cy do Ciebie !<\/p>\n<p><strong>Skr\u00f3cone dane techniczne:<\/strong><\/p>\n<ul>\n<li>Waga: 10g<\/li>\n<li>Dok\u0142adno\u015b\u0107 pomiaru: \u00b12%<\/li>\n<li>Komunikacja: ANT+, Bluetooth Low Energy<\/li>\n<li>Zasilanie: wbudowany akumulator LiPo<\/li>\n<li>Szczelno\u015b\u0107 obudowy: IP67<\/li>\n<li>Mo\u017cliwo\u015b\u0107 monta\u017cu: Single &amp; Twin2<\/li>\n<\/ul>\n<p><strong>Mo\u017cliwo\u015b\u0107 zam\u00f3wienia gotowego pomiaru mocy lub monta\u017cu na Twojej korbie!<\/strong><\/p>\n                  <\/div><!-- \/.desc -->\r\n      <\/div><!-- \/.product-box -->\r\n      <div class=\"config-box\">\r\n        <div class=\"desc\">\r\n          <p>Nie jeste\u015b pewien kt\u00f3ry model wybra\u0107? Szukasz wersji pod swoj\u0105 korb\u0119?<\/p>\n<h3 style=\"color:white\"><strong>Skorzystaj z naszego konfiguratora<\/strong><\/h3>\n        <\/div><!-- \/.desc -->\r\n                  <div class=\"button-wrap\">\r\n            <a href=\"https:\/\/inpeak.pl\/pl\/konfigurator-produktow\/\" class=\"full\"><span>Przejd\u017a do konfiguratora<\/span><\/a>\r\n          <\/div><!-- \/.button-wrap -->\r\n                <\/div><!-- \/.config-box -->\r\n    <\/div><!-- \/.home-products -->\r\n\r\n  <\/div><!-- \/.container -->\r\n  <\/section><!-- \/.full-section -->\r\n\r\n\r\n\n\n\r\n  <section  class=\"home-advantages-wrap alignfull text-align-left\">\r\n    <div class=\"container\">\r\n      <div class=\"subtitle white\">\r\n        <h2>Najwa\u017cniejsze cechy<\/h2>\r\n        <hr>\r\n      <\/div><!-- \/.subtitle -->\r\n            <div class=\"home-advantages\">\r\n              <div class=\"box\">\r\n                  <div class=\"icon\"><img decoding=\"async\" loading=\"lazy\" width=\"0\" height=\"0\" src=\"https:\/\/inpeak.pl\/wp-content\/uploads\/2024\/04\/waves.svg\" alt=\"\"><\/div>\r\n          <h3 style=\"color:white\"><strong>ANTI SHOCK SYSTEM<\/strong><\/h3>\n<p>Zastosowanie czujnik\u00f3w inercyjnych IMU oraz algorytm\u00f3w filtracji danych minimalizuje do zera negatywny wp\u0142yw drga\u0144 pochodz\u0105cych z nier\u00f3wno\u015bci terenu.<\/p>\n        <\/div><!-- \/.box -->\r\n                <div class=\"box\">\r\n                  <div class=\"icon\"><img decoding=\"async\" loading=\"lazy\" width=\"0\" height=\"0\" src=\"https:\/\/inpeak.pl\/wp-content\/uploads\/2024\/04\/celsius.svg\" alt=\"\"><\/div>\r\n          <h3 style=\"color:white\"><strong>AKTYWNA KOMPENSACJA TEMP.<\/strong><\/h3>\n<p>Precyzyjne i dok\u0142adne odczyty mocy bez wzgl\u0119du na warunki atmosferyczne zapewnia mechanizm Automatycznej Kompensacji Temperatury ATC.<\/p>\n        <\/div><!-- \/.box -->\r\n                <div class=\"box\">\r\n                  <div class=\"icon\"><img decoding=\"async\" loading=\"lazy\" width=\"0\" height=\"0\" src=\"https:\/\/inpeak.pl\/wp-content\/uploads\/2024\/04\/bluetooth.svg\" alt=\"\"><\/div>\r\n          <h3 style=\"color:white\"><strong>\u0141\u0104CZNO\u015a\u0106<\/strong><\/h3>\n<p>ANT+ oraz Bluetooth Low Energy zapewnia \u0142\u0105czno\u015b\u0107 z szerok\u0105 gam\u0105 komputer\u00f3w rowerowych.<\/p>\n        <\/div><!-- \/.box -->\r\n                <div class=\"box\">\r\n                  <div class=\"icon\"><img decoding=\"async\" loading=\"lazy\" width=\"0\" height=\"0\" src=\"https:\/\/inpeak.pl\/wp-content\/uploads\/2024\/04\/feather.svg\" alt=\"\"><\/div>\r\n          <h3 style=\"color:white\"><strong>WAGA<\/strong><\/h3>\n<p>INPEAK POWERCRANK to jedynie +10 gram\u00f3w do Twojego roweru.<\/p>\n        <\/div><!-- \/.box -->\r\n                <div class=\"box\">\r\n                  <div class=\"icon\"><img decoding=\"async\" loading=\"lazy\" width=\"0\" height=\"0\" src=\"https:\/\/inpeak.pl\/wp-content\/uploads\/2024\/04\/arrow.svg\" alt=\"\"><\/div>\r\n          <h3 style=\"color:white\"><strong>WODOSZCZELNO\u015a\u0106<\/strong><\/h3>\n<p>Dzia\u0142anie bez wzgl\u0119du na pogod\u0119 zapewnia klasa szczelno\u015bci obudowy IP67.<\/p>\n        <\/div><!-- \/.box -->\r\n                <div class=\"box\">\r\n                  <div class=\"icon\"><img decoding=\"async\" loading=\"lazy\" width=\"0\" height=\"0\" src=\"https:\/\/inpeak.pl\/wp-content\/uploads\/2024\/04\/season.svg\" alt=\"\"><\/div>\r\n          <h3 style=\"color:white\"><strong>TRWA\u0141O\u015a\u0106<\/strong><\/h3>\n<p>Nie przejmuj si\u0119 deszczem, kurzem, b\u0142otem, \u015bniegiem.Pomiary mocy INPEAK nie zawiod\u0105 Ci\u0119 w \u017cadnych warunkach.<\/p>\n        <\/div><!-- \/.box -->\r\n              <\/div><!-- \/.home-advantages -->\r\n          <\/div><!-- \/.container -->\r\n\r\n  <\/section><!-- \/.full-section -->\r\n\r\n\r\n\n\n\r\n  <section  class=\"home-manager-wrap alignwide text-align-left\">\r\n    <div class=\"desc\">\r\n      <div class=\"subtitle\">\r\n        <h2>INPEAK MANAGER APP<\/h2>\r\n        <hr>\r\n      <\/div><!-- \/.subtitle -->\r\n      <p>Zapoznaj si\u0119 z aplikacj\u0105 mobiln\u0105 za pomoc\u0105 kt\u00f3rej w \u0142atwy<br \/>\ni przyjazny spos\u00f3b b\u0119dziesz zarz\u0105dza\u0142 i nadzorowa\u0142 prac\u0119 pomiaru mocy INPEAK.<br \/>\nDost\u0119pna do pobrania w Google Play oraz App Store.<\/p>\n\r\n      <div class=\"app-stores\">\r\n        <ul>\r\n                      <li><a href=\"https:\/\/apps.apple.com\/pl\/app\/inpeak-manager\/id1446413050?l=pl&#038;_ga=2.60698669.1418650085.1712646369-1764748615.1644355117\" target=\"_blank\" rel=\"nofollow noopener\"><img decoding=\"async\" loading=\"lazy\" width=\"300\" height=\"84\" src=\"https:\/\/inpeak.pl\/wp-content\/themes\/inpeak\/images\/appstore.svg\" alt=\"\"><\/a><\/li>\r\n          \r\n                      <li><a href=\"https:\/\/play.google.com\/store\/apps\/details?id=com.blacktentdev.inpeakmanager&#038;hl=pl&#038;gl=US&#038;_ga=2.60698669.1418650085.1712646369-1764748615.1644355117&#038;pli=1\" target=\"_blank\" rel=\"nofollow noopener\"><img decoding=\"async\" loading=\"lazy\" width=\"300\" height=\"84\" src=\"https:\/\/inpeak.pl\/wp-content\/themes\/inpeak\/images\/google-play.svg\" alt=\"\"><\/a><\/li>\r\n                  <\/ul>\r\n      <\/div><!-- \/.app-stores -->\r\n\r\n    <\/div><!-- \/.desc -->\r\n\r\n    <div class=\"slider-wrap\">\r\n      <!-- Slider main container -->\r\n      <div class=\"swiper phone-swiper\">\r\n        <!-- Additional required wrapper -->\r\n        <div class=\"swiper-wrapper\">\r\n\r\n                                    <div class=\"swiper-slide\">\r\n                                <img loading=\"lazy\" decoding=\"async\" width=\"1217\" height=\"2545\" src=\"https:\/\/inpeak.pl\/wp-content\/uploads\/2024\/04\/screen-4.webp\" alt=\"\">\r\n              <\/div><!-- \/.swiper-slide -->\r\n                          <div class=\"swiper-slide\">\r\n                                <img loading=\"lazy\" decoding=\"async\" width=\"1217\" height=\"2545\" src=\"https:\/\/inpeak.pl\/wp-content\/uploads\/2024\/04\/screen-5.webp\" alt=\"\">\r\n              <\/div><!-- \/.swiper-slide -->\r\n                          <div class=\"swiper-slide\">\r\n                                <img loading=\"lazy\" decoding=\"async\" width=\"1217\" height=\"2545\" src=\"https:\/\/inpeak.pl\/wp-content\/uploads\/2024\/04\/screen-2.webp\" alt=\"\">\r\n              <\/div><!-- \/.swiper-slide -->\r\n                          <div class=\"swiper-slide\">\r\n                                <img loading=\"lazy\" decoding=\"async\" width=\"1217\" height=\"2545\" src=\"https:\/\/inpeak.pl\/wp-content\/uploads\/2024\/04\/screen-3.webp\" alt=\"\">\r\n              <\/div><!-- \/.swiper-slide -->\r\n                          <div class=\"swiper-slide\">\r\n                                <img loading=\"lazy\" decoding=\"async\" width=\"1217\" height=\"2545\" src=\"https:\/\/inpeak.pl\/wp-content\/uploads\/2024\/04\/screen-1.webp\" alt=\"\">\r\n              <\/div><!-- \/.swiper-slide -->\r\n                              <\/div>\r\n      <\/div>\r\n\r\n      <!-- If we need navigation buttons -->\r\n      <div class=\"swiper-button-prev\"><\/div>\r\n      <div class=\"swiper-button-next\"><\/div>\r\n    <\/div><!-- \/.slider-wrap -->\r\n\r\n  <\/section><!-- \/.full-section -->\r\n\r\n\r\n\n\n\r\n  <section  class=\"home-desktop-app-wrap alignfull text-align-left\">\r\n\r\n    <div class=\"container\">\r\n      <div class=\"home-desktop-app-content\">\r\n        <div class=\"home-desktop-app-title\">\r\n          <h2>Potrzebujesz czego\u015b wi\u0119cej?<\/h2>\r\n          <img loading=\"lazy\" decoding=\"async\" width=\"0\" height=\"0\" src=\"https:\/\/inpeak.pl\/wp-content\/uploads\/2024\/04\/aitrainer.svg\" alt=\"\">\r\n        <\/div><!-- \/.home-desktop-app-title -->\r\n        <div class=\"desc\">\r\n          <p>AiTRAINER to inteligentny program do treningu kolarstwa w 4 dyscyplinach: kolarstwo szosowe, kolarstwo g\u00f3rskie MTB, Gravel i kolarstwo prze\u0142ajowe CX. AiTRAINER to u\u0142o\u017cone na podstawie Twojego FTP lub HRmax treningi, kt\u00f3re stopniowo, w zale\u017cno\u015bci od wykonanej pracy oraz adaptacji Twojego organizmu na bod\u017ace treningowe dopasowuj\u0105 si\u0119 intensywno\u015bci\u0105 i obj\u0119to\u015bci\u0105.<\/p>\n        <\/div><!-- \/.desc -->\r\n        <div class=\"claim-button-wrap\">\r\n          <p>Kup pomiar mocy i <u>otrzymaj 2 miesi\u0105ce<\/u> darmowego dost\u0119pu!<\/p>\r\n\r\n                    <div class=\"button-wrap\">\r\n            <a href=\"https:\/\/www.aitrainer.eu\/\" class=\"full\" target=\"blank\" rel=\"noopener\"><span>Sprawd\u017a AiTRAINER<\/span><\/a>\r\n          <\/div><!-- \/.button-wrap -->\r\n          \r\n        <\/div><!-- \/.claim-button-wrap -->\r\n      <\/div><!-- \/.home-desktop-app-content -->\r\n      <div class=\"screenshot\">\r\n        <picture>\r\n          <source srcset=\"https:\/\/inpeak.pl\/wp-content\/uploads\/2024\/04\/home-app.webp\"\r\n            media=\"(min-width: 1025px)\">\r\n          <img srcset=\"https:\/\/inpeak.pl\/wp-content\/uploads\/2024\/04\/home-app.webp\" alt=\"\">\r\n        <\/picture>\r\n      <\/div><!-- \/.screenshot -->\r\n    <\/div><!-- \/.container -->\r\n\r\n  <\/section><!-- \/.full-section -->\r\n\r\n\r\n\n\n\r\n  <section  class=\"home-blog-wrap alignwide text-align-left\">\r\n\r\n    <div class=\"subtitle alignwide\">\r\n      <h2>Blog firmowy <\/h2>\r\n      <hr>\r\n    <\/div><!-- \/.subtitle -->\r\n\r\n    <div class=\"post-grid alignwide\">\r\n    <div class=\"post-grid-article\">\r\n\t<div class=\"photo\">\r\n\t\t<a href=\"https:\/\/inpeak.pl\/pl\/trening-kolarski-z-pomiarem-mocy\/\" title=\"Trening kolarski z pomiarem mocy od podstaw.  Praktyczny przewodnik od trenera kolarstwa &#8211; Macieja \u2018Jeziora\u2019 Jeziorskiego.\">\r\n\t\t\t<img decoding=\"async\" loading=\"lazy\" src=\"https:\/\/inpeak.pl\/wp-content\/uploads\/2025\/08\/LP_9034-800x533.jpg\" alt=\"\" width=\"800\" height=\"533\">\r\n\t\t<\/a>\r\n\t<\/div><!-- \/.photo -->\r\n\t<div class=\"desc\">\r\n\t\t<div class=\"category\">\r\n\t\t\t<a href=\"https:\/\/inpeak.pl\/pl\/category\/trening\/\">Trening<\/a>\t\t<\/div><!-- \/.category -->\r\n\t\t<div class=\"title\">\r\n\t\t\t<a href=\"https:\/\/inpeak.pl\/pl\/trening-kolarski-z-pomiarem-mocy\/\" title=\"Trening kolarski z pomiarem mocy od podstaw.  Praktyczny przewodnik od trenera kolarstwa &#8211; Macieja \u2018Jeziora\u2019 Jeziorskiego.\">Trening kolarski z pomiarem mocy od podstaw.  Praktyczny przewodnik od trenera kolarstwa &#8211; Macieja \u2018Jeziora\u2019 Jeziorskiego.<\/a>\r\n\t\t<\/div><!-- \/.title -->\r\n\t\t<div class=\"excerpt\">\r\n\t\t\t<p>Podstawy treningu z pomiarem mocy. Pomiar mocy od dawna nie jest ju\u017c nowo\u015bci\u0105 w treningu kolarskim. Jeszcze kilkana\u015bcie lat temu mierniki by\u0142y mniej dost\u0119pne, a wiedza na temat treningu opartego na mocy \u2013 znacznie bardziej ograniczona. Dzi\u015b ju\u017c wi\u0119cej os\u00f3b trenuj\u0105cych kolarstwo posiada miernik mocy i regularnie wykorzystuje go w swoim planie treningowym. Jak zacz\u0105\u0107 [&hellip;]<\/p>\n\t\t<\/div><!-- \/.excerpt -->\r\n\t<\/div><!-- \/.desc -->\r\n<\/div><!-- \/.post-grid-article -->\r\n<div class=\"post-grid-article\">\r\n\t<div class=\"photo\">\r\n\t\t<a href=\"https:\/\/inpeak.pl\/pl\/pomiar-mocy-w-ultra-kolarstwie\/\" title=\"Pomiar mocy w ultra kolarstwie &#8211; \u0141ukasz Klimaszewski dzieli si\u0119 swoim do\u015bwiadczeniem.\">\r\n\t\t\t<img decoding=\"async\" loading=\"lazy\" src=\"https:\/\/inpeak.pl\/wp-content\/uploads\/2025\/05\/Patryk-Piechocki-Brodata-Fotografia-Sportowa-800x533.jpg\" alt=\"\" width=\"800\" height=\"533\">\r\n\t\t<\/a>\r\n\t<\/div><!-- \/.photo -->\r\n\t<div class=\"desc\">\r\n\t\t<div class=\"category\">\r\n\t\t\t<a href=\"https:\/\/inpeak.pl\/pl\/category\/trening\/\">Trening<\/a>\t\t<\/div><!-- \/.category -->\r\n\t\t<div class=\"title\">\r\n\t\t\t<a href=\"https:\/\/inpeak.pl\/pl\/pomiar-mocy-w-ultra-kolarstwie\/\" title=\"Pomiar mocy w ultra kolarstwie &#8211; \u0141ukasz Klimaszewski dzieli si\u0119 swoim do\u015bwiadczeniem.\">Pomiar mocy w ultra kolarstwie &#8211; \u0141ukasz Klimaszewski dzieli si\u0119 swoim do\u015bwiadczeniem.<\/a>\r\n\t\t<\/div><!-- \/.title -->\r\n\t\t<div class=\"excerpt\">\r\n\t\t\t<p>\u201ePomiar mocy\u201d to has\u0142o przewija si\u0119 nieustannie w kontek\u015bcie treningu i \u015bcigania. Czy to sportu w\u00a0zawodowym, czy amatorskim wydaniu. Element nieodzowny do efektywnej jazdy i wygrywania, czy wr\u0119cz zabijaj\u0105cy przyjemno\u015b\u0107 jazdy? Cudowny wynalazek dla fanatyk\u00f3w wpatrywania si\u0119 we wszelkie statystyki i g\u0142\u00f3wny wr\u00f3g kolarzy romantycznych? Mo\u017ce po prostu narz\u0119dzie, jak ka\u017ce inne? Dobrodziejstwo nowoczesnej technologii, [&hellip;]<\/p>\n\t\t<\/div><!-- \/.excerpt -->\r\n\t<\/div><!-- \/.desc -->\r\n<\/div><!-- \/.post-grid-article -->\r\n<div class=\"post-grid-article\">\r\n\t<div class=\"photo\">\r\n\t\t<a href=\"https:\/\/inpeak.pl\/pl\/nowy-podwojny-pomiar-mocy-twin2\/\" title=\"NOWY PODW\u00d3JNY POMIAR MOCY: INPEAK POWERCRANK-E TWIN2 \u2013 drobna zmiana, ogromna r\u00f3\u017cnica.\">\r\n\t\t\t<img decoding=\"async\" loading=\"lazy\" src=\"https:\/\/inpeak.pl\/wp-content\/uploads\/2025\/04\/EVOLUTION-4-1-800x450.png\" alt=\"\" width=\"800\" height=\"450\">\r\n\t\t<\/a>\r\n\t<\/div><!-- \/.photo -->\r\n\t<div class=\"desc\">\r\n\t\t<div class=\"category\">\r\n\t\t\t<a href=\"https:\/\/inpeak.pl\/pl\/category\/produkty\/\">Produkty<\/a>\t\t<\/div><!-- \/.category -->\r\n\t\t<div class=\"title\">\r\n\t\t\t<a href=\"https:\/\/inpeak.pl\/pl\/nowy-podwojny-pomiar-mocy-twin2\/\" title=\"NOWY PODW\u00d3JNY POMIAR MOCY: INPEAK POWERCRANK-E TWIN2 \u2013 drobna zmiana, ogromna r\u00f3\u017cnica.\">NOWY PODW\u00d3JNY POMIAR MOCY: INPEAK POWERCRANK-E TWIN2 \u2013 drobna zmiana, ogromna r\u00f3\u017cnica.<\/a>\r\n\t\t<\/div><!-- \/.title -->\r\n\t\t<div class=\"excerpt\">\r\n\t\t\t<p>Kilka lat temu powsta\u0142 nasz pierwszy podw\u00f3jny pomiar mocy na szosowych mechanizmach korbowych \u2013 POWERCRANK-E TWIN2. Dzi\u015b chcieliby\u015bmy Wam zaprezentowa\u0107 jego drug\u0105 ods\u0142on\u0119! Jeszcze bardziej precyzyjny, jeszcze bardziej czu\u0142y, jeszcze bardziej kompaktowy, a jednocze\u015bnie odporny na wszelkie uszkodzenia. Nowy TWIN2 to nie rewolucja w\u015br\u00f3d pomiar\u00f3w mocy. To naturalna ewolucja. To upgrade, kt\u00f3ry nast\u0105pi\u0142 w wyniku [&hellip;]<\/p>\n\t\t<\/div><!-- \/.excerpt -->\r\n\t<\/div><!-- \/.desc -->\r\n<\/div><!-- \/.post-grid-article -->\r\n    <\/div><!-- \/.post-grid -->\r\n\r\n    <div class=\"button-wrap center\">\r\n      <a href=\"https:\/\/inpeak.pl\/pl\/blog\/\" class=\"full teal\"><span>Wszystkie aktualno\u015bci<\/span><\/a><!-- \/.full teal -->\r\n    <\/div><!-- \/.button-wrap center -->\r\n\r\n  <\/section><!-- \/.full-section -->\r\n\r\n\r\n\n\n\r\n  <section  class=\"home-logos-wrap alignfull text-align-left\">\r\n\r\n    <div class=\"container\">\r\n      <div class=\"home-logos\">\r\n        <p>Wsp\u00f3\u0142pracujemy z \/\/\/ <\/p>\r\n\r\n                                                <div class=\"logo\">\r\n                      <a href=\"https:\/\/www.decathlon.co.uk\/shop-in-shop\/van-rysel\" target=\"blank\" rel=\"noopener\">\r\n                                  <img loading=\"lazy\" decoding=\"async\" width=\"399\" height=\"399\" src=\"https:\/\/inpeak.pl\/wp-content\/uploads\/2025\/03\/van_rysel.jpg\" alt=\"\">\r\n                          <\/a>\r\n                      <\/div><!-- \/.logo -->\r\n                                                <div class=\"logo\">\r\n                      <a href=\"https:\/\/www.origine-cycles.com\/\" target=\"blank\" rel=\"noopener\">\r\n                                  <img loading=\"lazy\" decoding=\"async\" width=\"204\" height=\"192\" src=\"https:\/\/inpeak.pl\/wp-content\/uploads\/2025\/03\/origine.png\" alt=\"\">\r\n                          <\/a>\r\n                      <\/div><!-- \/.logo -->\r\n                                                <div class=\"logo\">\r\n                      <a href=\"https:\/\/www.wilier.com\/en\" target=\"blank\" rel=\"noopener\">\r\n                                  <img loading=\"lazy\" decoding=\"async\" width=\"300\" height=\"300\" src=\"https:\/\/inpeak.pl\/wp-content\/uploads\/2025\/05\/wilier.webp\" alt=\"\">\r\n                          <\/a>\r\n                      <\/div><!-- \/.logo -->\r\n              <\/div><!-- \/.home-logos -->\r\n    <\/div><!-- \/.container -->\r\n\r\n  <\/section><!-- \/.full-section -->\r\n\r\n\r\n\n\n\r\n  <section  class=\"home-logos-wrap alignfull text-align-left\">\r\n\r\n    <div class=\"container\">\r\n      <div class=\"home-logos\">\r\n        <p> <\/p>\r\n\r\n                                                <div class=\"logo\">\r\n                      <a href=\"https:\/\/apexbikes.cc\/\" target=\"blank\" rel=\"noopener\">\r\n                                  <img loading=\"lazy\" decoding=\"async\" width=\"2552\" height=\"2552\" src=\"https:\/\/inpeak.pl\/wp-content\/uploads\/2025\/03\/apex_bike.webp\" alt=\"\">\r\n                          <\/a>\r\n                      <\/div><!-- \/.logo -->\r\n                                                <div class=\"logo\">\r\n                      <a href=\"https:\/\/www.sensabikes.com\/\" target=\"blank\" rel=\"noopener\">\r\n                                  <img loading=\"lazy\" decoding=\"async\" width=\"300\" height=\"300\" src=\"https:\/\/inpeak.pl\/wp-content\/uploads\/2025\/05\/sensa.webp\" alt=\"\">\r\n                          <\/a>\r\n                      <\/div><!-- \/.logo -->\r\n              <\/div><!-- \/.home-logos -->\r\n    <\/div><!-- \/.container -->\r\n\r\n  <\/section><!-- \/.full-section -->\r\n\r\n\r\n\n\n\r\n  <section  class=\"home-logos-wrap alignfull text-align-left\">\r\n\r\n    <div class=\"container\">\r\n      <div class=\"home-logos\">\r\n        <p>Wspieramy \/\/\/<\/p>\r\n\r\n                                                <div class=\"logo\">\r\n                      <a href=\"https:\/\/www.instagram.com\/atomdeweloper_team\/\" target=\"blank\" rel=\"noopener\">\r\n                                  <img loading=\"lazy\" decoding=\"async\" width=\"800\" height=\"800\" src=\"https:\/\/inpeak.pl\/wp-content\/uploads\/2024\/04\/mat_atom_developer_wroclaw.webp\" alt=\"\">\r\n                          <\/a>\r\n                      <\/div><!-- \/.logo -->\r\n              <\/div><!-- \/.home-logos -->\r\n    <\/div><!-- \/.container -->\r\n\r\n  <\/section><!-- \/.full-section -->\r\n\r\n\r\n\n\n\n<p><\/p>\n","protected":false},"excerpt":{"rendered":"","protected":false},"author":1,"featured_media":0,"parent":0,"menu_order":0,"comment_status":"closed","ping_status":"closed","template":"","meta":{"_acf_changed":false,"footnotes":""},"class_list":["post-38","page","type-page","status-publish","hentry"],"acf":[],"_links":{"self":[{"href":"https:\/\/inpeak.pl\/pl\/wp-json\/wp\/v2\/pages\/38","targetHints":{"allow":["GET"]}}],"collection":[{"href":"https:\/\/inpeak.pl\/pl\/wp-json\/wp\/v2\/pages"}],"about":[{"href":"https:\/\/inpeak.pl\/pl\/wp-json\/wp\/v2\/types\/page"}],"author":[{"embeddable":true,"href":"https:\/\/inpeak.pl\/pl\/wp-json\/wp\/v2\/users\/1"}],"replies":[{"embeddable":true,"href":"https:\/\/inpeak.pl\/pl\/wp-json\/wp\/v2\/comments?post=38"}],"version-history":[{"count":52,"href":"https:\/\/inpeak.pl\/pl\/wp-json\/wp\/v2\/pages\/38\/revisions"}],"predecessor-version":[{"id":24364,"href":"https:\/\/inpeak.pl\/pl\/wp-json\/wp\/v2\/pages\/38\/revisions\/24364"}],"wp:attachment":[{"href":"https:\/\/inpeak.pl\/pl\/wp-json\/wp\/v2\/media?parent=38"}],"curies":[{"name":"wp","href":"https:\/\/api.w.org\/{rel}","templated":true}]}}