{"id":34,"date":"2024-03-18T14:26:56","date_gmt":"2024-03-18T13:26:56","guid":{"rendered":"https:\/\/inpeak.pl\/?page_id=34"},"modified":"2026-01-04T20:15:19","modified_gmt":"2026-01-04T19:15:19","slug":"kontakt","status":"publish","type":"page","link":"https:\/\/inpeak.pl\/pl\/kontakt\/","title":{"rendered":"Kontakt"},"content":{"rendered":"\r\n  <section  class=\"contact-wrapper alignwide text-align-left\">\r\n    <div class=\"desc\">\r\n            <ul>\r\n        <li><a href=\"tel:+48535534505\"><svg viewBox=\"0 0 24 24\"><use xlink:href=\"#phone-icon\"><\/use><\/svg><span>+48 535 534 505<\/span><\/a><\/li>\r\n        <li><a href=\"mailto:info@inpeak.pl\"><svg viewBox=\"0 0 24 24\"><use xlink:href=\"#email-icon\"><\/use><\/svg><span>info@inpeak.pl<\/span><\/a><\/li>\r\n      <\/ul>\r\n      <p><strong>INPEAK sp. z o.o.<\/strong><br \/>\nSzczeci\u0144ska 17<br \/>\n54-517 Wroc\u0142aw<br \/>\nPOLSKA<\/p>\n<p>NIP: PL8992809630<br \/>\nREGON: 3665105<br \/>\nKRS: 0001214486<\/p>\n    <\/div><!-- \/.desc -->\r\n    <div class=\"form-wrap\">\r\n      <div class=\"contact-form\">\r\n        \n<div class=\"wpcf7 no-js\" id=\"wpcf7-f1720-o1\" lang=\"pl-PL\" dir=\"ltr\" data-wpcf7-id=\"1720\">\n<div class=\"screen-reader-response\"><p role=\"status\" aria-live=\"polite\" aria-atomic=\"true\"><\/p> <ul><\/ul><\/div>\n<form action=\"\/pl\/wp-json\/wp\/v2\/pages\/34#wpcf7-f1720-o1\" method=\"post\" class=\"wpcf7-form init\" aria-label=\"Formularz kontaktowy\" novalidate=\"novalidate\" data-status=\"init\">\n<fieldset class=\"hidden-fields-container\"><input type=\"hidden\" name=\"_wpcf7\" value=\"1720\" \/><input type=\"hidden\" name=\"_wpcf7_version\" value=\"6.1.5\" \/><input type=\"hidden\" name=\"_wpcf7_locale\" value=\"pl_PL\" \/><input type=\"hidden\" name=\"_wpcf7_unit_tag\" value=\"wpcf7-f1720-o1\" \/><input type=\"hidden\" name=\"_wpcf7_container_post\" value=\"0\" \/><input type=\"hidden\" name=\"_wpcf7_posted_data_hash\" value=\"\" \/><input type=\"hidden\" name=\"_wpcf7_recaptcha_response\" value=\"\" \/>\n<\/fieldset>\n<div class=\"row full start\"><span class=\"wpcf7-form-control-wrap\" data-name=\"your-recipient\"><span class=\"wpcf7-form-control wpcf7-radio\"><span class=\"wpcf7-list-item first\"><label><input type=\"radio\" name=\"your-recipient\" value=\"Posiadam ju\u017c INPEAK\" \/><span class=\"wpcf7-list-item-label\">Posiadam ju\u017c INPEAK<\/span><\/label><\/span><span class=\"wpcf7-list-item last\"><label><input type=\"radio\" name=\"your-recipient\" value=\"Jeszcze nie posiadam INPEAK\" checked=\"checked\" \/><span class=\"wpcf7-list-item-label\">Jeszcze nie posiadam INPEAK<\/span><\/label><\/span><\/span><\/span><\/div><\/br><div class=\"grid\"><div class=\"row\"><label for=\"imie\">Imi\u0119:<\/label><span class=\"wpcf7-form-control-wrap\" data-name=\"imie\"><input size=\"40\" maxlength=\"400\" class=\"wpcf7-form-control wpcf7-text wpcf7-validates-as-required\" id=\"imie\" aria-required=\"true\" aria-invalid=\"false\" value=\"\" type=\"text\" name=\"imie\" \/><\/span><\/div><div class=\"row\"><label for=\"nazwisko\">Nazwisko:<\/label><span class=\"wpcf7-form-control-wrap\" data-name=\"nazwisko\"><input size=\"40\" maxlength=\"400\" class=\"wpcf7-form-control wpcf7-text wpcf7-validates-as-required\" id=\"nazwisko\" aria-required=\"true\" aria-invalid=\"false\" value=\"\" type=\"text\" name=\"nazwisko\" \/><\/span><\/div><div class=\"row\"><label for=\"email\">Adres e-mail:<\/label><span class=\"wpcf7-form-control-wrap\" data-name=\"customer_email\"><input size=\"40\" maxlength=\"400\" class=\"wpcf7-form-control wpcf7-email wpcf7-validates-as-required wpcf7-text wpcf7-validates-as-email\" id=\"email\" aria-required=\"true\" aria-invalid=\"false\" value=\"\" type=\"email\" name=\"customer_email\" \/><\/span><\/div><div class=\"row\"><label for=\"telefon\">Numer telefonu (opcjonalnie):<\/label><span class=\"wpcf7-form-control-wrap\" data-name=\"telefon\"><input size=\"40\" maxlength=\"400\" class=\"wpcf7-form-control wpcf7-text\" id=\"telefon\" aria-invalid=\"false\" value=\"\" type=\"text\" name=\"telefon\" \/><\/span><\/div><div class=\"row full\"><label for=\"wiadomosc\">Tre\u015b\u0107 wiadomo\u015bci:<\/label><span class=\"wpcf7-form-control-wrap\" data-name=\"wiadomosc\"><textarea cols=\"40\" rows=\"10\" maxlength=\"2000\" class=\"wpcf7-form-control wpcf7-textarea wpcf7-validates-as-required\" id=\"wiadomosc\" aria-required=\"true\" aria-invalid=\"false\" name=\"wiadomosc\"><\/textarea><\/span><\/div><div class=\"row full\"><span class=\"wpcf7-form-control-wrap\" data-name=\"zgoda\"><span class=\"wpcf7-form-control wpcf7-acceptance optional\"><span class=\"wpcf7-list-item\"><label><input type=\"checkbox\" name=\"zgoda\" value=\"1\" aria-invalid=\"false\" \/><span class=\"wpcf7-list-item-label\">Wyra\u017cam zgod\u0119 na przetwarzanie moich danych osobowych do cel\u00f3w marketingowych zgodnie z Polityk\u0105 Prywatno\u015bci.<\/span><\/label><\/span><\/span><\/span><\/div><div class=\"row full last\"><button type=\"submit\"><span>Wy\u015blij wiadomo\u015b\u0107<\/span><\/button><\/div><\/div><div class=\"wpcf7-response-output\" aria-hidden=\"true\"><\/div>\n<\/form>\n<\/div>\n      <\/div><!-- \/.contact-form -->\r\n    <\/div><!-- \/.form-wrap -->\r\n\r\n  <\/section><!-- \/.full-section -->\r\n\r\n\r\n","protected":false},"excerpt":{"rendered":"","protected":false},"author":1,"featured_media":0,"parent":0,"menu_order":0,"comment_status":"closed","ping_status":"closed","template":"template_contact.php","meta":{"_acf_changed":false,"footnotes":""},"class_list":["post-34","page","type-page","status-publish","hentry"],"acf":[],"_links":{"self":[{"href":"https:\/\/inpeak.pl\/pl\/wp-json\/wp\/v2\/pages\/34","targetHints":{"allow":["GET"]}}],"collection":[{"href":"https:\/\/inpeak.pl\/pl\/wp-json\/wp\/v2\/pages"}],"about":[{"href":"https:\/\/inpeak.pl\/pl\/wp-json\/wp\/v2\/types\/page"}],"author":[{"embeddable":true,"href":"https:\/\/inpeak.pl\/pl\/wp-json\/wp\/v2\/users\/1"}],"replies":[{"embeddable":true,"href":"https:\/\/inpeak.pl\/pl\/wp-json\/wp\/v2\/comments?post=34"}],"version-history":[{"count":15,"href":"https:\/\/inpeak.pl\/pl\/wp-json\/wp\/v2\/pages\/34\/revisions"}],"predecessor-version":[{"id":24715,"href":"https:\/\/inpeak.pl\/pl\/wp-json\/wp\/v2\/pages\/34\/revisions\/24715"}],"wp:attachment":[{"href":"https:\/\/inpeak.pl\/pl\/wp-json\/wp\/v2\/media?parent=34"}],"curies":[{"name":"wp","href":"https:\/\/api.w.org\/{rel}","templated":true}]}}