{"id":30,"date":"2024-03-18T14:25:37","date_gmt":"2024-03-18T13:25:37","guid":{"rendered":"https:\/\/inpeak.pl\/?page_id=30"},"modified":"2024-04-15T13:16:38","modified_gmt":"2024-04-15T11:16:38","slug":"faq","status":"publish","type":"page","link":"https:\/\/inpeak.pl\/pl\/faq\/","title":{"rendered":"Najcz\u0119\u015bciej zadawane pytania"},"content":{"rendered":"\r\n<section  class=\" alignwide text-align-left\">\r\n    <div class=\"faq-searchform-wrap\">\r\n      <p>Wpisz, czego szukasz <\/p>\r\n\r\n      <form class=\"searchform\" role=\"search\" method=\"get\" id=\"searchform\" action=\"https:\/\/inpeak.pl\/pl\/\">\r\n        <input type=\"hidden\" name=\"post_type\" value=\"cpt_faq\" \/>\r\n        <input type=\"text\" name=\"s\" id=\"s\" value=\"\" placeholder=\"...\" >\r\n        <button type=\"submit\"><svg viewBox=\"0 0 24 24\"><use xlink:href=\"#search\"><\/use><\/svg><\/button>\r\n      <\/form>\r\n\r\n      <p>lub wybierz kategori\u0119<\/p>\r\n    <\/div><!-- \/.faq-searchform-wrap -->\r\n\r\n    <div class=\"faq-grid\">\r\n                              <div class=\"faq-box\">\r\n          <div class=\"title-wrap\">\r\n            <div class=\"icon\">\r\n                            <img decoding=\"async\" loading=\"lazy\" src=\"https:\/\/inpeak.pl\/wp-content\/uploads\/2024\/04\/tiny_powercrank-1.png\" alt=\"\" width=\"500\"\r\n                height=\"500\">\r\n                          <\/div><!-- \/.icon -->\r\n            <p>\r\n              <strong>POWERCRANK<\/strong>\r\n              <em><\/em>\r\n            <\/p>\r\n          <\/div><!-- \/.title-wrap -->\r\n\r\n          <ul>\r\n                        <li>\r\n              <a href=\"https:\/\/inpeak.pl\/pl\/pytanie\/powercrank-single-custom-kompatybilne-korby\/\" title=\"POWERCRANK | SINGLE | CUSTOM &#8211; Kompatybilne korby\" rel=\"bookmark\">POWERCRANK | SINGLE | CUSTOM &#8211; Kompatybilne korby<\/a>\r\n            <\/li>\r\n                        <li>\r\n              <a href=\"https:\/\/inpeak.pl\/pl\/pytanie\/powercrank-twin2-custom-kompatybilne-korby\/\" title=\"POWERCRANK | TWIN2 | CUSTOM &#8211; Kompatybilne korby\" rel=\"bookmark\">POWERCRANK | TWIN2 | CUSTOM &#8211; Kompatybilne korby<\/a>\r\n            <\/li>\r\n                        <li>\r\n              <a href=\"https:\/\/inpeak.pl\/pl\/pytanie\/na-jak-dlugo-starcza-bateria-2\/\" title=\"Jaki jest czas pracy na baterii CR2032?\" rel=\"bookmark\">Jaki jest czas pracy na baterii CR2032?<\/a>\r\n            <\/li>\r\n                      <\/ul>\r\n          <div class=\"button-wrap\">\r\n            <a href=\"https:\/\/inpeak.pl\/pl\/podzial-faq\/powercrank\/\" class=\"border\">\r\n              Wszystkie pytania            <\/a>\r\n          <\/div><!-- \/.button -->\r\n        <\/div> <!-- faq box -->\r\n                              <div class=\"faq-box\">\r\n          <div class=\"title-wrap\">\r\n            <div class=\"icon\">\r\n                            <img decoding=\"async\" loading=\"lazy\" src=\"https:\/\/inpeak.pl\/wp-content\/uploads\/2024\/04\/tiny_powercrank-e-1.png\" alt=\"\" width=\"400\"\r\n                height=\"400\">\r\n                          <\/div><!-- \/.icon -->\r\n            <p>\r\n              <strong>POWERCRANK-E<\/strong>\r\n              <em><\/em>\r\n            <\/p>\r\n          <\/div><!-- \/.title-wrap -->\r\n\r\n          <ul>\r\n                        <li>\r\n              <a href=\"https:\/\/inpeak.pl\/pl\/pytanie\/powercrank-e-single-custom-kompatybilne-korby\/\" title=\"POWERCRANK-E | SINGLE | CUSTOM &#8211; Kompatybilne korby\" rel=\"bookmark\">POWERCRANK-E | SINGLE | CUSTOM &#8211; Kompatybilne korby<\/a>\r\n            <\/li>\r\n                        <li>\r\n              <a href=\"https:\/\/inpeak.pl\/pl\/pytanie\/powercrank-e-twin2-custom-kompatybilne-korby\/\" title=\"POWERCRANK-E | TWiN2 | CUSTOM &#8211; Kompatybilne korby\" rel=\"bookmark\">POWERCRANK-E | TWiN2 | CUSTOM &#8211; Kompatybilne korby<\/a>\r\n            <\/li>\r\n                        <li>\r\n              <a href=\"https:\/\/inpeak.pl\/pl\/pytanie\/na-jak-dlugo-starcza-bateria\/\" title=\"Jaki jest czas pracy na pe\u0142nym na\u0142adowaniu akumulatora?\" rel=\"bookmark\">Jaki jest czas pracy na pe\u0142nym na\u0142adowaniu akumulatora?<\/a>\r\n            <\/li>\r\n                      <\/ul>\r\n          <div class=\"button-wrap\">\r\n            <a href=\"https:\/\/inpeak.pl\/pl\/podzial-faq\/powercrank-e\/\" class=\"border\">\r\n              Wszystkie pytania            <\/a>\r\n          <\/div><!-- \/.button -->\r\n        <\/div> <!-- faq box -->\r\n                              <div class=\"faq-box\">\r\n          <div class=\"title-wrap\">\r\n            <div class=\"icon\">\r\n                            <img decoding=\"async\" loading=\"lazy\" src=\"https:\/\/inpeak.pl\/wp-content\/uploads\/2024\/04\/infinity-thin.svg\" alt=\"\" width=\"0\"\r\n                height=\"0\">\r\n                          <\/div><!-- \/.icon -->\r\n            <p>\r\n              <strong>INPEAK FOREVER<\/strong>\r\n              <em><\/em>\r\n            <\/p>\r\n          <\/div><!-- \/.title-wrap -->\r\n\r\n          <ul>\r\n                        <li>\r\n              <a href=\"https:\/\/inpeak.pl\/pl\/pytanie\/czym-jest-usluga-inpeak-forever\/\" title=\"Czym jest us\u0142uga Inpeak Forever?\" rel=\"bookmark\">Czym jest us\u0142uga Inpeak Forever?<\/a>\r\n            <\/li>\r\n                        <li>\r\n              <a href=\"https:\/\/inpeak.pl\/pl\/pytanie\/jak-przebiega-usluga-inpeak-forever\/\" title=\"Jak przebiega us\u0142uga Inpeak Forever?\" rel=\"bookmark\">Jak przebiega us\u0142uga Inpeak Forever?<\/a>\r\n            <\/li>\r\n                      <\/ul>\r\n          <div class=\"button-wrap\">\r\n            <a href=\"https:\/\/inpeak.pl\/pl\/podzial-faq\/inpeak-forever\/\" class=\"border\">\r\n              Wszystkie pytania            <\/a>\r\n          <\/div><!-- \/.button -->\r\n        <\/div> <!-- faq box -->\r\n                              <div class=\"faq-box\">\r\n          <div class=\"title-wrap\">\r\n            <div class=\"icon\">\r\n                            <img decoding=\"async\" loading=\"lazy\" src=\"https:\/\/inpeak.pl\/wp-content\/uploads\/2024\/04\/circle-exclamation-thin.svg\" alt=\"\" width=\"0\"\r\n                height=\"0\">\r\n                          <\/div><!-- \/.icon -->\r\n            <p>\r\n              <strong>Problemy techniczne i usterki<\/strong>\r\n              <em><\/em>\r\n            <\/p>\r\n          <\/div><!-- \/.title-wrap -->\r\n\r\n          <ul>\r\n                        <li>\r\n              <a href=\"https:\/\/inpeak.pl\/pl\/pytanie\/co-oznaczaja-wartosci-kalibracji\/\" title=\"Co oznaczaj\u0105 warto\u015bci kalibracji?\" rel=\"bookmark\">Co oznaczaj\u0105 warto\u015bci kalibracji?<\/a>\r\n            <\/li>\r\n                        <li>\r\n              <a href=\"https:\/\/inpeak.pl\/pl\/pytanie\/zgubilem-uszczelke-o-ring-co-zrobic\/\" title=\"Zgubi\u0142em uszczelk\u0119\/o-ring. Co zrobi\u0107?\" rel=\"bookmark\">Zgubi\u0142em uszczelk\u0119\/o-ring. Co zrobi\u0107?<\/a>\r\n            <\/li>\r\n                        <li>\r\n              <a href=\"https:\/\/inpeak.pl\/pl\/pytanie\/nie-moge-polaczyc-polaczyc-pomiaru-mocy-do-mojego-licznika\/\" title=\"Nie mog\u0119 po\u0142\u0105czy\u0107 pomiaru mocy do mojego licznika.\" rel=\"bookmark\">Nie mog\u0119 po\u0142\u0105czy\u0107 pomiaru mocy do mojego licznika.<\/a>\r\n            <\/li>\r\n                      <\/ul>\r\n          <div class=\"button-wrap\">\r\n            <a href=\"https:\/\/inpeak.pl\/pl\/podzial-faq\/problemy-techniczne-i-usterki\/\" class=\"border\">\r\n              Wszystkie pytania            <\/a>\r\n          <\/div><!-- \/.button -->\r\n        <\/div> <!-- faq box -->\r\n                              <div class=\"faq-box\">\r\n          <div class=\"title-wrap\">\r\n            <div class=\"icon\">\r\n                            <img decoding=\"async\" loading=\"lazy\" src=\"https:\/\/inpeak.pl\/wp-content\/uploads\/2024\/04\/mobile-signal-out-thin-1-1.svg\" alt=\"\" width=\"0\"\r\n                height=\"0\">\r\n                          <\/div><!-- \/.icon -->\r\n            <p>\r\n              <strong>Komputery rowerowe<\/strong>\r\n              <em><\/em>\r\n            <\/p>\r\n          <\/div><!-- \/.title-wrap -->\r\n\r\n          <ul>\r\n                        <li>\r\n              <a href=\"https:\/\/inpeak.pl\/pl\/pytanie\/czy-powercrank-bedzie-dzialac-z-moim-licznikiem\/\" title=\"Czy POWERCRANK b\u0119dzie dzia\u0142a\u0107 z moim licznikiem?\" rel=\"bookmark\">Czy POWERCRANK b\u0119dzie dzia\u0142a\u0107 z moim licznikiem?<\/a>\r\n            <\/li>\r\n                        <li>\r\n              <a href=\"https:\/\/inpeak.pl\/pl\/pytanie\/jak-polaczyc-powercrank-z-moim-licznikiem\/\" title=\"Jak po\u0142\u0105czy\u0107 POWERCRANK z moim licznikiem?\" rel=\"bookmark\">Jak po\u0142\u0105czy\u0107 POWERCRANK z moim licznikiem?<\/a>\r\n            <\/li>\r\n                        <li>\r\n              <a href=\"https:\/\/inpeak.pl\/pl\/pytanie\/jak-wykonac-kalibracje\/\" title=\"Jak wykona\u0107 kalibracje?\" rel=\"bookmark\">Jak wykona\u0107 kalibracje?<\/a>\r\n            <\/li>\r\n                      <\/ul>\r\n          <div class=\"button-wrap\">\r\n            <a href=\"https:\/\/inpeak.pl\/pl\/podzial-faq\/komputery-rowerowe\/\" class=\"border\">\r\n              Wszystkie pytania            <\/a>\r\n          <\/div><!-- \/.button -->\r\n        <\/div> <!-- faq box -->\r\n                              <div class=\"faq-box\">\r\n          <div class=\"title-wrap\">\r\n            <div class=\"icon\">\r\n                            <img decoding=\"async\" loading=\"lazy\" src=\"https:\/\/inpeak.pl\/wp-content\/uploads\/2024\/04\/mobile-signal-out-thin-1.svg\" alt=\"\" width=\"0\"\r\n                height=\"0\">\r\n                          <\/div><!-- \/.icon -->\r\n            <p>\r\n              <strong>Aplikacja mobilna<\/strong>\r\n              <em><\/em>\r\n            <\/p>\r\n          <\/div><!-- \/.title-wrap -->\r\n\r\n          <ul>\r\n                        <li>\r\n              <a href=\"https:\/\/inpeak.pl\/pl\/pytanie\/gdzie-znajde-i-jak-zainstaluje-aplikacje-inpeak-manager\/\" title=\"Gdzie znajd\u0119 i jak zainstaluj\u0119 aplikacj\u0119 INPEAK Manager?\" rel=\"bookmark\">Gdzie znajd\u0119 i jak zainstaluj\u0119 aplikacj\u0119 INPEAK Manager?<\/a>\r\n            <\/li>\r\n                        <li>\r\n              <a href=\"https:\/\/inpeak.pl\/pl\/pytanie\/jak-wykonac-aktualizacje-firmware\/\" title=\"Jak wykona\u0107 aktualizacj\u0119 firmware?\" rel=\"bookmark\">Jak wykona\u0107 aktualizacj\u0119 firmware?<\/a>\r\n            <\/li>\r\n                      <\/ul>\r\n          <div class=\"button-wrap\">\r\n            <a href=\"https:\/\/inpeak.pl\/pl\/podzial-faq\/aplikacja-mobilna\/\" class=\"border\">\r\n              Wszystkie pytania            <\/a>\r\n          <\/div><!-- \/.button -->\r\n        <\/div> <!-- faq box -->\r\n                              <div class=\"faq-box\">\r\n          <div class=\"title-wrap\">\r\n            <div class=\"icon\">\r\n                            <img decoding=\"async\" loading=\"lazy\" src=\"https:\/\/inpeak.pl\/wp-content\/uploads\/2024\/04\/cart-shopping-thin.svg\" alt=\"\" width=\"0\"\r\n                height=\"0\">\r\n                          <\/div><!-- \/.icon -->\r\n            <p>\r\n              <strong>Zam\u00f3wienia<\/strong>\r\n              <em><\/em>\r\n            <\/p>\r\n          <\/div><!-- \/.title-wrap -->\r\n\r\n          <ul>\r\n                        <li>\r\n              <a href=\"https:\/\/inpeak.pl\/pl\/pytanie\/jak-moge-zlozyc-zamowienie\/\" title=\"Jak mog\u0119 z\u0142o\u017cy\u0107 zam\u00f3wienie?\" rel=\"bookmark\">Jak mog\u0119 z\u0142o\u017cy\u0107 zam\u00f3wienie?<\/a>\r\n            <\/li>\r\n                        <li>\r\n              <a href=\"https:\/\/inpeak.pl\/pl\/pytanie\/jaki-jest-czas-realizacji-zamowienia\/\" title=\"Jaki jest czas realizacji zam\u00f3wienia?\" rel=\"bookmark\">Jaki jest czas realizacji zam\u00f3wienia?<\/a>\r\n            <\/li>\r\n                        <li>\r\n              <a href=\"https:\/\/inpeak.pl\/pl\/pytanie\/jak-dlugo-zajmuje-montaz-pomiaru-mocy\/\" title=\"Jak d\u0142ugo zajmuje monta\u017c pomiaru mocy?\" rel=\"bookmark\">Jak d\u0142ugo zajmuje monta\u017c pomiaru mocy?<\/a>\r\n            <\/li>\r\n                      <\/ul>\r\n          <div class=\"button-wrap\">\r\n            <a href=\"https:\/\/inpeak.pl\/pl\/podzial-faq\/zamowienia\/\" class=\"border\">\r\n              Wszystkie pytania            <\/a>\r\n          <\/div><!-- \/.button -->\r\n        <\/div> <!-- faq box -->\r\n                              <div class=\"faq-box\">\r\n          <div class=\"title-wrap\">\r\n            <div class=\"icon\">\r\n                            <img decoding=\"async\" loading=\"lazy\" src=\"https:\/\/inpeak.pl\/wp-content\/uploads\/2024\/04\/question-thin.svg\" alt=\"\" width=\"0\"\r\n                height=\"0\">\r\n                          <\/div><!-- \/.icon -->\r\n            <p>\r\n              <strong>Og\u00f3lne<\/strong>\r\n              <em><\/em>\r\n            <\/p>\r\n          <\/div><!-- \/.title-wrap -->\r\n\r\n          <ul>\r\n                        <li>\r\n              <a href=\"https:\/\/inpeak.pl\/pl\/pytanie\/na-jakiej-zasadzie-dziala-urzadzenie\/\" title=\"Na jakiej zaszadzie dzia\u0142a urz\u0105dzenie?\" rel=\"bookmark\">Na jakiej zaszadzie dzia\u0142a urz\u0105dzenie?<\/a>\r\n            <\/li>\r\n                        <li>\r\n              <a href=\"https:\/\/inpeak.pl\/pl\/pytanie\/lista-zamiennych-korb\/\" title=\"Lista zamiennych korb.\" rel=\"bookmark\">Lista zamiennych korb.<\/a>\r\n            <\/li>\r\n                        <li>\r\n              <a href=\"https:\/\/inpeak.pl\/pl\/pytanie\/czy-mam-wystarczajaco-duzo-wolnego-miejsca-w-rowerze-czy-powercrank-zmiesci-sie-do-mojego-roweru\/\" title=\"Czy mam wystarczaj\u0105co du\u017co wolnego miejsca w rowerze? Czy Pomiar mocy INPEAK zmie\u015bci si\u0119 do mojego roweru?\" rel=\"bookmark\">Czy mam wystarczaj\u0105co du\u017co wolnego miejsca w rowerze? Czy Pomiar mocy INPEAK zmie\u015bci si\u0119 do mojego roweru?<\/a>\r\n            <\/li>\r\n                      <\/ul>\r\n          <div class=\"button-wrap\">\r\n            <a href=\"https:\/\/inpeak.pl\/pl\/podzial-faq\/ogolne\/\" class=\"border\">\r\n              Wszystkie pytania            <\/a>\r\n          <\/div><!-- \/.button -->\r\n        <\/div> <!-- faq box -->\r\n          <\/div><!-- \/.faq-grid -->\r\n  <\/section>\r\n\r\n","protected":false},"excerpt":{"rendered":"","protected":false},"author":1,"featured_media":0,"parent":0,"menu_order":0,"comment_status":"closed","ping_status":"closed","template":"","meta":{"_acf_changed":false,"footnotes":""},"class_list":["post-30","page","type-page","status-publish","hentry"],"acf":[],"_links":{"self":[{"href":"https:\/\/inpeak.pl\/pl\/wp-json\/wp\/v2\/pages\/30","targetHints":{"allow":["GET"]}}],"collection":[{"href":"https:\/\/inpeak.pl\/pl\/wp-json\/wp\/v2\/pages"}],"about":[{"href":"https:\/\/inpeak.pl\/pl\/wp-json\/wp\/v2\/types\/page"}],"author":[{"embeddable":true,"href":"https:\/\/inpeak.pl\/pl\/wp-json\/wp\/v2\/users\/1"}],"replies":[{"embeddable":true,"href":"https:\/\/inpeak.pl\/pl\/wp-json\/wp\/v2\/comments?post=30"}],"version-history":[{"count":11,"href":"https:\/\/inpeak.pl\/pl\/wp-json\/wp\/v2\/pages\/30\/revisions"}],"predecessor-version":[{"id":7779,"href":"https:\/\/inpeak.pl\/pl\/wp-json\/wp\/v2\/pages\/30\/revisions\/7779"}],"wp:attachment":[{"href":"https:\/\/inpeak.pl\/pl\/wp-json\/wp\/v2\/media?parent=30"}],"curies":[{"name":"wp","href":"https:\/\/api.w.org\/{rel}","templated":true}]}}