{"id":19235,"date":"2025-06-10T12:42:31","date_gmt":"2025-06-10T10:42:31","guid":{"rendered":"https:\/\/inpeak.pl\/?page_id=19235"},"modified":"2025-06-11T11:49:24","modified_gmt":"2025-06-11T09:49:24","slug":"o-nas","status":"publish","type":"page","link":"https:\/\/inpeak.pl\/pl\/o-nas\/","title":{"rendered":"O nas"},"content":{"rendered":"\n<div class=\"inpeak-bb\">\n  <div class=\"inpeak-row text-image\">\n    <div class=\"column\">\n      <h2>MOC MIERZYMY Z PASJ\u0104!<\/h2>\n      <p>\n        Historia zacz\u0119\u0142a si\u0119 w 2017 we wroc\u0142awskim gara\u017cu. Za\u0142o\u017cycielami INPEAK&#8217;a s\u0105: Dawid Markiel i Marcin Kawalec \u2013 absolwenci Politechniki Wroc\u0142awskiej. Obaj pracowali wcze\u015bniej w bran\u017cy militarnej przy projektach R&#038;D. Obaj z zami\u0142owania s\u0105 kolarzami.\n      <\/p>\n      <p>\n        Marcin w 2014 by\u0142 akademickim Mistrzem \u015awiata w XCO, wielokrotnie zdobywa\u0142 medale MP w formule XCO i XCE. Na rowerze je\u017adzi od zawsze. Dawid to kolarz amator, trenuj\u0105cy ju\u017c kilkana\u015bcie lat z sukcesami na amatorskich zawodach szosowych czy gravelowych. Z po\u0142\u0105czenia wiedzy in\u017cynieryjnej oraz zami\u0142owania do sportu obu Pan\u00f3w, powsta\u0142a marka, kt\u00f3ra obecnie oferuje jedne z najbardziej zaawansowanych pomiar\u00f3w mocy na \u015bwiecie. Co ciekawe, praca magisterska Marcina polega\u0142a na zbudowaniu \u2026 pomiaru mocy na ramieniu korby! Inpeak jest wi\u0119c jej kontynuacj\u0105 na du\u017c\u0105 skal\u0119!\n      <\/p>\n    <\/div>\n    <div class=\"column\">\n      <img decoding=\"async\" src=\"https:\/\/inpeak.pl\/wp-content\/uploads\/2025\/06\/inpeak-team-dawid-marcin.jpg\">\n    <\/div>\n  <\/div>\n<\/div>\n\n\n\n<div class=\"inpeak-bb\">\n<div class=\"inpeak-row text-image\">\n<div class=\"column\">\n<h2>LIDER POMIAR&Oacute;W MOCY<\/h2>\n<p>Obecnie firma jest uznan\u0105 mark\u0105 na rynku miernik&oacute;w mocy. Oferuje produkty zbudowane na mechanizmach korbowych Shimano, w wersji pojedynczej &ndash; Single i podw&oacute;jnej &ndash; TWIN2. Do wyboru s\u0105 opcje na bateri\u0119 lub \u0142adowane. Gama jest na tyle szeroka, \u017ce INPEAK sta\u0142 si\u0119 firm\u0105, kt&oacute;ra w kategorii pomiar&oacute;w na korbach oferuje najwi\u0119cej rozwi\u0105za\u0144 na rynku! Oczywi\u015bcie nie tylko dla korb Shimano. Nieustaj\u0105cy rozw&oacute;j technologii, \u015bwietna precyzja pomiaru i bardzo wysokiej jako\u015bci wykonanie doprowadzi\u0142o firm\u0119 do momentu, w kt&oacute;rym po rozwi\u0105zania INPEAK&#8217;a si\u0119gaj\u0105 najwi\u0119ksze marki rowerowe na \u015bwiecie. Wsp&oacute;\u0142pracujemy z Van Rysel, Wilierem czy mniejszymi producentami takimi jak Origine, Sensa i Apex.\n<\/div>\n<div class=\"column\"><img decoding=\"async\" src=\"https:\/\/inpeak.pl\/wp-content\/uploads\/2025\/06\/prototyp-inpeak.jpg\"\/><\/div>\n<\/div>\n<\/div>\n\n\n\n<div class=\"inpeak-bb\">\n<div class=\"inpeak-row text-image\">\n<div class=\"column\">\n<h2>POMIARY NIE TYLKO DLA PRO<\/h2>\n<p>Nasze mierniki znajdziecie na p&oacute;\u0142kach sklep&oacute;w w ca\u0142ej Europie. Trenuj\u0105 na nich profesjonalni zawodnicy i amatorzy. Jeste\u015bmy dumni, \u017ce mo\u017cemy dawa\u0107 naszym klientom narz\u0119dzie, kt&oacute;re s\u0142u\u017cy Waszemu rozwojowi. Oczywi\u015bcie nie spoczywamy na laurach, ci\u0105gle dopracowujemy obecne produkty i tworzymy nowe. Mamy nadziej\u0119, \u017ce niejednokrotnie si\u0119gniecie po urz\u0105dzenie z napisem &ldquo;INPEAK&rdquo; i b\u0119dziecie generowa\u0107 coraz wy\u017csze waty.<br> <b>Niech moc b\u0119dzie z Wami!<\/B><\/p>\n<\/div>\n<div class=\"column\"><img decoding=\"async\" src=\"https:\/\/inpeak.pl\/wp-content\/uploads\/2025\/06\/pomiary-dla-pro.jpg\" \/><\/div>\n<\/div>\n<\/div>\n\n\n\n<div class=\"inpeak-bb\"><!-- G\u00f3rny wiersz: nag\u0142\u00f3wek przez ca\u0142\u0105 szeroko\u015b\u0107 -->\n<div class=\"inpeak-row\">\n<div class=\"column column-full\">\n<h2>NASZ ZESP&Oacute;\u0141<\/h2>\n<\/div>\n<\/div>\n<!-- Dolny wiersz: dwie kolumny z obrazami -->\n<div class=\"inpeak-row image-image\">\n<div class=\"column\"><img decoding=\"async\" style=\"display: block; margin-left: auto; margin-right: auto;\" src=\"https:\/\/inpeak.pl\/wp-content\/uploads\/2025\/06\/Dawid.jpg\" alt=\"Dawid Markiel\" \/><\/div>\n<div class=\"column\"><img decoding=\"async\" style=\"display: block; margin-left: auto; margin-right: auto;\" src=\"https:\/\/inpeak.pl\/wp-content\/uploads\/2025\/06\/marcin-kawalec.jpg\" alt=\"Marcin Kawalec\" \/><\/div>\n<\/div>\n<\/div>\n","protected":false},"excerpt":{"rendered":"<p>MOC MIERZYMY Z PASJ\u0104! Historia zacz\u0119\u0142a si\u0119 w 2017 we wroc\u0142awskim gara\u017cu. Za\u0142o\u017cycielami INPEAK&#8217;a s\u0105: Dawid Markiel i Marcin Kawalec \u2013 absolwenci Politechniki Wroc\u0142awskiej. Obaj pracowali wcze\u015bniej w bran\u017cy militarnej przy projektach R&#038;D. Obaj z zami\u0142owania s\u0105 kolarzami. Marcin w 2014 by\u0142 akademickim Mistrzem \u015awiata w XCO, wielokrotnie zdobywa\u0142 medale MP w formule XCO i [&hellip;]<\/p>\n","protected":false},"author":0,"featured_media":0,"parent":0,"menu_order":0,"comment_status":"closed","ping_status":"closed","template":"","meta":{"_acf_changed":false,"footnotes":""},"class_list":["post-19235","page","type-page","status-publish","hentry"],"acf":[],"_links":{"self":[{"href":"https:\/\/inpeak.pl\/pl\/wp-json\/wp\/v2\/pages\/19235","targetHints":{"allow":["GET"]}}],"collection":[{"href":"https:\/\/inpeak.pl\/pl\/wp-json\/wp\/v2\/pages"}],"about":[{"href":"https:\/\/inpeak.pl\/pl\/wp-json\/wp\/v2\/types\/page"}],"replies":[{"embeddable":true,"href":"https:\/\/inpeak.pl\/pl\/wp-json\/wp\/v2\/comments?post=19235"}],"version-history":[{"count":8,"href":"https:\/\/inpeak.pl\/pl\/wp-json\/wp\/v2\/pages\/19235\/revisions"}],"predecessor-version":[{"id":19350,"href":"https:\/\/inpeak.pl\/pl\/wp-json\/wp\/v2\/pages\/19235\/revisions\/19350"}],"wp:attachment":[{"href":"https:\/\/inpeak.pl\/pl\/wp-json\/wp\/v2\/media?parent=19235"}],"curies":[{"name":"wp","href":"https:\/\/api.w.org\/{rel}","templated":true}]}}